{"id":2754,"date":"2020-12-17T17:10:17","date_gmt":"2020-12-17T17:10:17","guid":{"rendered":"http:\/\/box2367.temp.domains\/~neotrop2\/?post_type=product&#038;p=2754"},"modified":"2024-12-14T03:07:01","modified_gmt":"2024-12-14T03:07:01","slug":"tubular-sea-turtles-nag-36","status":"publish","type":"product","link":"https:\/\/tienda.neotropicalecuador.com\/?product=tubular-sea-turtles-nag-36","title":{"rendered":"Tubular Sea Turtles- NAG 36"},"content":{"rendered":"<p>Tela microfibra tubular sin costura con protecci\u00f3n UV SPF30, transpirable y de secado r\u00e1pido<\/p>\n<p>M\u00e1s de 10 formas de uso<\/p>\n<p>Sublimado con tintas no t\u00f3xicas UltraChrome DS Epson- certificadas por ECO PASSPORT OEKO-TEX;\u00a0 seguras para adultos, ni\u00f1os y para el medio ambiente<\/p>\n<p>Hecho en Ecuador<\/p>\n","protected":false},"excerpt":{"rendered":"<p>Tela microfibra tubular sin costura con protecci\u00f3n UV SPF30, transpirable y de secado r\u00e1pido M\u00e1s de 10 formas de uso Sublimado con tintas no t\u00f3xicas UltraChrome DS Epson- certificadas por ECO PASSPORT OEKO-TEX;\u00a0 seguras para adultos, ni\u00f1os y para el medio ambiente Hecho en Ecuador<\/p>\n","protected":false},"featured_media":2755,"comment_status":"open","ping_status":"closed","template":"","meta":{"site-sidebar-layout":"default","site-content-layout":"default","ast-site-content-layout":"default","site-content-style":"default","site-sidebar-style":"default","ast-global-header-display":"","ast-banner-title-visibility":"","ast-main-header-display":"","ast-hfb-above-header-display":"","ast-hfb-below-header-display":"","ast-hfb-mobile-header-display":"","site-post-title":"","ast-breadcrumbs-content":"","ast-featured-img":"","footer-sml-layout":"","ast-disable-related-posts":"","theme-transparent-header-meta":"default","adv-header-id-meta":"","stick-header-meta":"","header-above-stick-meta":"","header-main-stick-meta":"","header-below-stick-meta":"","astra-migrate-meta-layouts":"default","ast-page-background-enabled":"default","ast-page-background-meta":{"desktop":{"background-color":"","background-image":"","background-repeat":"repeat","background-position":"center center","background-size":"auto","background-attachment":"scroll","background-type":"","background-media":"","overlay-type":"","overlay-color":"","overlay-opacity":"","overlay-gradient":""},"tablet":{"background-color":"","background-image":"","background-repeat":"repeat","background-position":"center center","background-size":"auto","background-attachment":"scroll","background-type":"","background-media":"","overlay-type":"","overlay-color":"","overlay-opacity":"","overlay-gradient":""},"mobile":{"background-color":"","background-image":"","background-repeat":"repeat","background-position":"center center","background-size":"auto","background-attachment":"scroll","background-type":"","background-media":"","overlay-type":"","overlay-color":"","overlay-opacity":"","overlay-gradient":""}},"ast-content-background-meta":{"desktop":{"background-color":"var(--ast-global-color-5)","background-image":"","background-repeat":"repeat","background-position":"center center","background-size":"auto","background-attachment":"scroll","background-type":"","background-media":"","overlay-type":"","overlay-color":"","overlay-opacity":"","overlay-gradient":""},"tablet":{"background-color":"var(--ast-global-color-5)","background-image":"","background-repeat":"repeat","background-position":"center center","background-size":"auto","background-attachment":"scroll","background-type":"","background-media":"","overlay-type":"","overlay-color":"","overlay-opacity":"","overlay-gradient":""},"mobile":{"background-color":"var(--ast-global-color-5)","background-image":"","background-repeat":"repeat","background-position":"center center","background-size":"auto","background-attachment":"scroll","background-type":"","background-media":"","overlay-type":"","overlay-color":"","overlay-opacity":"","overlay-gradient":""}}},"product_brand":[],"product_cat":[289],"product_tag":[164,144,116,81,110,158,161,168,80,197,198,160],"class_list":{"0":"post-2754","1":"product","2":"type-product","3":"status-publish","4":"has-post-thumbnail","6":"product_cat-tubulares-adultos","7":"product_tag-aventura","8":"product_tag-bandana","9":"product_tag-camping","10":"product_tag-ciclismo","11":"product_tag-headwear","12":"product_tag-montanismo","13":"product_tag-multiproposito","14":"product_tag-multiuso","15":"product_tag-outdoor","16":"product_tag-sea-turtle","17":"product_tag-tortuga","18":"product_tag-tubular","19":"desktop-align-left","20":"tablet-align-left","21":"mobile-align-left","23":"first","24":"instock","25":"taxable","26":"shipping-taxable","27":"purchasable","28":"product-type-simple"},"_links":{"self":[{"href":"https:\/\/tienda.neotropicalecuador.com\/index.php?rest_route=\/wp\/v2\/product\/2754","targetHints":{"allow":["GET"]}}],"collection":[{"href":"https:\/\/tienda.neotropicalecuador.com\/index.php?rest_route=\/wp\/v2\/product"}],"about":[{"href":"https:\/\/tienda.neotropicalecuador.com\/index.php?rest_route=\/wp\/v2\/types\/product"}],"replies":[{"embeddable":true,"href":"https:\/\/tienda.neotropicalecuador.com\/index.php?rest_route=%2Fwp%2Fv2%2Fcomments&post=2754"}],"wp:featuredmedia":[{"embeddable":true,"href":"https:\/\/tienda.neotropicalecuador.com\/index.php?rest_route=\/wp\/v2\/media\/2755"}],"wp:attachment":[{"href":"https:\/\/tienda.neotropicalecuador.com\/index.php?rest_route=%2Fwp%2Fv2%2Fmedia&parent=2754"}],"wp:term":[{"taxonomy":"product_brand","embeddable":true,"href":"https:\/\/tienda.neotropicalecuador.com\/index.php?rest_route=%2Fwp%2Fv2%2Fproduct_brand&post=2754"},{"taxonomy":"product_cat","embeddable":true,"href":"https:\/\/tienda.neotropicalecuador.com\/index.php?rest_route=%2Fwp%2Fv2%2Fproduct_cat&post=2754"},{"taxonomy":"product_tag","embeddable":true,"href":"https:\/\/tienda.neotropicalecuador.com\/index.php?rest_route=%2Fwp%2Fv2%2Fproduct_tag&post=2754"}],"curies":[{"name":"wp","href":"https:\/\/api.w.org\/{rel}","templated":true}]}}