{"id":2903,"date":"2020-12-21T19:51:46","date_gmt":"2020-12-21T19:51:46","guid":{"rendered":"http:\/\/box2367.temp.domains\/~neotrop2\/?post_type=product&#038;p=2903"},"modified":"2024-12-14T02:32:38","modified_gmt":"2024-12-14T02:32:38","slug":"tubular-pinzon-galapagos-verde-nag-59-2","status":"publish","type":"product","link":"https:\/\/tienda.neotropicalecuador.com\/?product=tubular-pinzon-galapagos-verde-nag-59-2","title":{"rendered":"Tubular Pinzon Galapagos Verde- NAG 59"},"content":{"rendered":"<p>Tela microfibra tubular sin costura con protecci\u00f3n UV SPF30, transpirable y de secado r\u00e1pido<\/p>\n<p>M\u00e1s de 10 formas de uso<\/p>\n<p>Sublimado con tintas no t\u00f3xicas UltraChrome DS Epson- certificadas por ECO PASSPORT OEKO-TEX;\u00a0 seguras para adultos, ni\u00f1os y para el medio ambiente<\/p>\n<p>Hecho en Ecuador<\/p>\n","protected":false},"excerpt":{"rendered":"<p>Tela microfibra tubular sin costura con protecci\u00f3n UV SPF30, transpirable y de secado r\u00e1pido M\u00e1s de 10 formas de uso Sublimado con tintas no t\u00f3xicas UltraChrome DS Epson- certificadas por ECO PASSPORT OEKO-TEX;\u00a0 seguras para adultos, ni\u00f1os y para el medio ambiente Hecho en Ecuador<\/p>\n","protected":false},"featured_media":2854,"comment_status":"open","ping_status":"closed","template":"","meta":{"site-sidebar-layout":"default","site-content-layout":"default","ast-site-content-layout":"default","site-content-style":"default","site-sidebar-style":"default","ast-global-header-display":"","ast-banner-title-visibility":"","ast-main-header-display":"","ast-hfb-above-header-display":"","ast-hfb-below-header-display":"","ast-hfb-mobile-header-display":"","site-post-title":"","ast-breadcrumbs-content":"","ast-featured-img":"","footer-sml-layout":"","ast-disable-related-posts":"","theme-transparent-header-meta":"default","adv-header-id-meta":"","stick-header-meta":"","header-above-stick-meta":"","header-main-stick-meta":"","header-below-stick-meta":"","astra-migrate-meta-layouts":"default","ast-page-background-enabled":"default","ast-page-background-meta":{"desktop":{"background-color":"","background-image":"","background-repeat":"repeat","background-position":"center center","background-size":"auto","background-attachment":"scroll","background-type":"","background-media":"","overlay-type":"","overlay-color":"","overlay-opacity":"","overlay-gradient":""},"tablet":{"background-color":"","background-image":"","background-repeat":"repeat","background-position":"center center","background-size":"auto","background-attachment":"scroll","background-type":"","background-media":"","overlay-type":"","overlay-color":"","overlay-opacity":"","overlay-gradient":""},"mobile":{"background-color":"","background-image":"","background-repeat":"repeat","background-position":"center center","background-size":"auto","background-attachment":"scroll","background-type":"","background-media":"","overlay-type":"","overlay-color":"","overlay-opacity":"","overlay-gradient":""}},"ast-content-background-meta":{"desktop":{"background-color":"var(--ast-global-color-5)","background-image":"","background-repeat":"repeat","background-position":"center center","background-size":"auto","background-attachment":"scroll","background-type":"","background-media":"","overlay-type":"","overlay-color":"","overlay-opacity":"","overlay-gradient":""},"tablet":{"background-color":"var(--ast-global-color-5)","background-image":"","background-repeat":"repeat","background-position":"center center","background-size":"auto","background-attachment":"scroll","background-type":"","background-media":"","overlay-type":"","overlay-color":"","overlay-opacity":"","overlay-gradient":""},"mobile":{"background-color":"var(--ast-global-color-5)","background-image":"","background-repeat":"repeat","background-position":"center center","background-size":"auto","background-attachment":"scroll","background-type":"","background-media":"","overlay-type":"","overlay-color":"","overlay-opacity":"","overlay-gradient":""}}},"product_brand":[],"product_cat":[289],"product_tag":[164,144,226,64,116,81,224,241,201,110,229,158,161,168,80,242,177],"class_list":{"0":"post-2903","1":"product","2":"type-product","3":"status-publish","4":"has-post-thumbnail","6":"product_cat-tubulares-adultos","7":"product_tag-aventura","8":"product_tag-bandana","9":"product_tag-buceo","10":"product_tag-buff","11":"product_tag-camping","12":"product_tag-ciclismo","13":"product_tag-diving","14":"product_tag-finch","15":"product_tag-galapagos","16":"product_tag-headwear","17":"product_tag-marina","18":"product_tag-montanismo","19":"product_tag-multiproposito","20":"product_tag-multiuso","21":"product_tag-outdoor","22":"product_tag-pinzon","23":"product_tag-playa","24":"desktop-align-left","25":"tablet-align-left","26":"mobile-align-left","28":"first","29":"instock","30":"taxable","31":"shipping-taxable","32":"purchasable","33":"product-type-simple"},"_links":{"self":[{"href":"https:\/\/tienda.neotropicalecuador.com\/index.php?rest_route=\/wp\/v2\/product\/2903","targetHints":{"allow":["GET"]}}],"collection":[{"href":"https:\/\/tienda.neotropicalecuador.com\/index.php?rest_route=\/wp\/v2\/product"}],"about":[{"href":"https:\/\/tienda.neotropicalecuador.com\/index.php?rest_route=\/wp\/v2\/types\/product"}],"replies":[{"embeddable":true,"href":"https:\/\/tienda.neotropicalecuador.com\/index.php?rest_route=%2Fwp%2Fv2%2Fcomments&post=2903"}],"wp:featuredmedia":[{"embeddable":true,"href":"https:\/\/tienda.neotropicalecuador.com\/index.php?rest_route=\/wp\/v2\/media\/2854"}],"wp:attachment":[{"href":"https:\/\/tienda.neotropicalecuador.com\/index.php?rest_route=%2Fwp%2Fv2%2Fmedia&parent=2903"}],"wp:term":[{"taxonomy":"product_brand","embeddable":true,"href":"https:\/\/tienda.neotropicalecuador.com\/index.php?rest_route=%2Fwp%2Fv2%2Fproduct_brand&post=2903"},{"taxonomy":"product_cat","embeddable":true,"href":"https:\/\/tienda.neotropicalecuador.com\/index.php?rest_route=%2Fwp%2Fv2%2Fproduct_cat&post=2903"},{"taxonomy":"product_tag","embeddable":true,"href":"https:\/\/tienda.neotropicalecuador.com\/index.php?rest_route=%2Fwp%2Fv2%2Fproduct_tag&post=2903"}],"curies":[{"name":"wp","href":"https:\/\/api.w.org\/{rel}","templated":true}]}}