{"id":4293,"date":"2021-01-27T19:28:13","date_gmt":"2021-01-27T19:28:13","guid":{"rendered":"https:\/\/tienda.neotropicalecuador.com\/?post_type=product&#038;p=4293"},"modified":"2024-12-16T01:04:53","modified_gmt":"2024-12-16T01:04:53","slug":"tubular-oceano-nn-04","status":"publish","type":"product","link":"https:\/\/tienda.neotropicalecuador.com\/?product=tubular-oceano-nn-04","title":{"rendered":"Tubular Oceano- NN 04"},"content":{"rendered":"<p>Tela microfibra tubular sin costura con protecci\u00f3n UV SPF30, transpirable y de secado r\u00e1pido<\/p>\n<p>M\u00e1s de 10 formas de uso<\/p>\n<p>Talla para ni\u00f1os- se ajusta al tama\u00f1o de su rostro y cabeza sin perder funcionalidad<\/p>\n<p>Sublimado con tintas no t\u00f3xicas UltraChrome DS Epson- certificadas por ECO PASSPORT OEKO-TEX;\u00a0 seguras para adultos, ni\u00f1os y para el medio ambiente<\/p>\n<p>Hecho en Ecuador<\/p>\n","protected":false},"excerpt":{"rendered":"<p>Tela microfibra tubular sin costura con protecci\u00f3n UV SPF30, transpirable y de secado r\u00e1pido M\u00e1s de 10 formas de uso Talla para ni\u00f1os- se ajusta al tama\u00f1o de su rostro y cabeza sin perder funcionalidad Sublimado con tintas no t\u00f3xicas UltraChrome DS Epson- certificadas por ECO PASSPORT OEKO-TEX;\u00a0 seguras para adultos, ni\u00f1os y para el [&hellip;]<\/p>\n","protected":false},"featured_media":4294,"comment_status":"open","ping_status":"closed","template":"","meta":{"site-sidebar-layout":"default","site-content-layout":"default","ast-site-content-layout":"default","site-content-style":"default","site-sidebar-style":"default","ast-global-header-display":"","ast-banner-title-visibility":"","ast-main-header-display":"","ast-hfb-above-header-display":"","ast-hfb-below-header-display":"","ast-hfb-mobile-header-display":"","site-post-title":"","ast-breadcrumbs-content":"","ast-featured-img":"","footer-sml-layout":"","ast-disable-related-posts":"","theme-transparent-header-meta":"default","adv-header-id-meta":"","stick-header-meta":"","header-above-stick-meta":"","header-main-stick-meta":"","header-below-stick-meta":"","astra-migrate-meta-layouts":"default","ast-page-background-enabled":"default","ast-page-background-meta":{"desktop":{"background-color":"","background-image":"","background-repeat":"repeat","background-position":"center center","background-size":"auto","background-attachment":"scroll","background-type":"","background-media":"","overlay-type":"","overlay-color":"","overlay-opacity":"","overlay-gradient":""},"tablet":{"background-color":"","background-image":"","background-repeat":"repeat","background-position":"center center","background-size":"auto","background-attachment":"scroll","background-type":"","background-media":"","overlay-type":"","overlay-color":"","overlay-opacity":"","overlay-gradient":""},"mobile":{"background-color":"","background-image":"","background-repeat":"repeat","background-position":"center center","background-size":"auto","background-attachment":"scroll","background-type":"","background-media":"","overlay-type":"","overlay-color":"","overlay-opacity":"","overlay-gradient":""}},"ast-content-background-meta":{"desktop":{"background-color":"var(--ast-global-color-5)","background-image":"","background-repeat":"repeat","background-position":"center center","background-size":"auto","background-attachment":"scroll","background-type":"","background-media":"","overlay-type":"","overlay-color":"","overlay-opacity":"","overlay-gradient":""},"tablet":{"background-color":"var(--ast-global-color-5)","background-image":"","background-repeat":"repeat","background-position":"center center","background-size":"auto","background-attachment":"scroll","background-type":"","background-media":"","overlay-type":"","overlay-color":"","overlay-opacity":"","overlay-gradient":""},"mobile":{"background-color":"var(--ast-global-color-5)","background-image":"","background-repeat":"repeat","background-position":"center center","background-size":"auto","background-attachment":"scroll","background-type":"","background-media":"","overlay-type":"","overlay-color":"","overlay-opacity":"","overlay-gradient":""}}},"product_brand":[],"product_cat":[273],"product_tag":[277,290,144,303,116,81,315,110,309,295,274,298,314,161,168,275,312,80,149,313,160],"class_list":{"0":"post-4293","1":"product","2":"type-product","3":"status-publish","4":"has-post-thumbnail","6":"product_cat-tubulares-ninos","7":"product_tag-active","8":"product_tag-animales","9":"product_tag-bandana","10":"product_tag-bugs","11":"product_tag-camping","12":"product_tag-ciclismo","13":"product_tag-foca","14":"product_tag-headwear","15":"product_tag-jardin","16":"product_tag-kiddie","17":"product_tag-kids","18":"product_tag-mar","19":"product_tag-morsa","20":"product_tag-multiproposito","21":"product_tag-multiuso","22":"product_tag-ninos","23":"product_tag-oceano","24":"product_tag-outdoor","25":"product_tag-outerwear","26":"product_tag-sea-life","27":"product_tag-tubular","28":"desktop-align-left","29":"tablet-align-left","30":"mobile-align-left","32":"first","33":"instock","34":"taxable","35":"shipping-taxable","36":"purchasable","37":"product-type-simple"},"_links":{"self":[{"href":"https:\/\/tienda.neotropicalecuador.com\/index.php?rest_route=\/wp\/v2\/product\/4293","targetHints":{"allow":["GET"]}}],"collection":[{"href":"https:\/\/tienda.neotropicalecuador.com\/index.php?rest_route=\/wp\/v2\/product"}],"about":[{"href":"https:\/\/tienda.neotropicalecuador.com\/index.php?rest_route=\/wp\/v2\/types\/product"}],"replies":[{"embeddable":true,"href":"https:\/\/tienda.neotropicalecuador.com\/index.php?rest_route=%2Fwp%2Fv2%2Fcomments&post=4293"}],"wp:featuredmedia":[{"embeddable":true,"href":"https:\/\/tienda.neotropicalecuador.com\/index.php?rest_route=\/wp\/v2\/media\/4294"}],"wp:attachment":[{"href":"https:\/\/tienda.neotropicalecuador.com\/index.php?rest_route=%2Fwp%2Fv2%2Fmedia&parent=4293"}],"wp:term":[{"taxonomy":"product_brand","embeddable":true,"href":"https:\/\/tienda.neotropicalecuador.com\/index.php?rest_route=%2Fwp%2Fv2%2Fproduct_brand&post=4293"},{"taxonomy":"product_cat","embeddable":true,"href":"https:\/\/tienda.neotropicalecuador.com\/index.php?rest_route=%2Fwp%2Fv2%2Fproduct_cat&post=4293"},{"taxonomy":"product_tag","embeddable":true,"href":"https:\/\/tienda.neotropicalecuador.com\/index.php?rest_route=%2Fwp%2Fv2%2Fproduct_tag&post=4293"}],"curies":[{"name":"wp","href":"https:\/\/api.w.org\/{rel}","templated":true}]}}